{"id":225,"date":"2026-02-20T23:13:52","date_gmt":"2026-02-20T23:13:52","guid":{"rendered":"https:\/\/cabirmobilya.com.tr\/?page_id=225"},"modified":"2026-04-06T13:42:18","modified_gmt":"2026-04-06T13:42:18","slug":"hakkimizda","status":"publish","type":"page","link":"https:\/\/cabirmobilya.com.tr\/en\/hakkimizda\/","title":{"rendered":"About Us"},"content":{"rendered":"<div class=\"wpb-content-wrapper\"><div id=\"banner-row\" data-vc-full-width=\"true\" data-vc-full-width-temp=\"true\" data-vc-full-width-init=\"false\" data-vc-stretch-content=\"true\" class=\"vc_row wpb_row vc_row-fluid vc_row-no-padding wd-rs-6998fefabe4d0\"><div class=\"wpb_column vc_column_container vc_col-sm-12\"><div class=\"vc_column-inner\"><div class=\"wpb_wrapper\">\t\t<div class=\"promo-banner-wrapper  wd-rs-69d3b82b79734\">\n\t\t\t<div id=\"wd-69d3b82b79734\" class=\"promo-banner  banner- banner-hover-none color-scheme-light banner-btn-size-default banner-btn-style-default  wd-underline-colored\">\n\t\t\t\t<div class=\"main-wrapp-img\">\n\t\t\t\t\t<div class=\"banner-image wd-bg-position-center\" >\n\t\t\t\t\t\t<img loading=\"lazy\" decoding=\"async\" width=\"1920\" height=\"850\" src=\"https:\/\/cabirmobilya.com.tr\/wp-content\/uploads\/2026\/04\/hakkimizda-banner-img-060426-1.jpg\" class=\"attachment-full size-full\" alt=\"\" \/>\t\t\t\t\t<\/div>\n\t\t\t\t<\/div>\n\n\t\t\t\t<div class=\"wrapper-content-banner wd-fill  wd-items-middle wd-justify-center\">\n\t\t\t\t\t<div class=\"content-banner  text-center\">\n\t\t\t\t\t\t<h4 class=\"banner-title wd-font-weight- wd-fontsize-l\">About Us<\/h4>\t\t\t\t\t\t\n\t\t\t\t\t\t\n\t\t\t\t\t\t\t\t\t\t\t<\/div>\n\t\t\t\t<\/div>\n\n\t\t\t\t\n\t\t\t\t\t\t\t<\/div>\n\t\t<\/div>\n\n\t\t<\/div><\/div><\/div><\/div><div class=\"vc_row-full-width vc_clearfix\"><\/div><div id=\"hakkimizda-row\" class=\"vc_row wpb_row vc_row-fluid vc_custom_1771635805251 vc_row-o-equal-height vc_row-o-content-middle vc_row-flex wd-rs-6999045888922\"><div class=\"wpb_column vc_column_container vc_col-sm-6\"><div class=\"vc_column-inner\"><div class=\"wpb_wrapper\">\t\t<div id=\"wd-69a2ec28e24e1\" class=\"wd-text-block wd-wpb reset-last-child wd-rs-69a2ec28e24e1 text-left\">\n\t\t\t<div class=\"hakkimizda-text\">\n<p>Our company, which began its journey in the sector in 2008, leveraged its extensive experience to become a corporate entity in 2023 by joining Cabir Holding, expanding its operations under the name Cabir Decoration and Furniture. We manufacture in our 4500 m\u00b2 integrated facility in Ba\u015fak\u015fehir, utilizing a fully equipped machinery park. In addition to our advanced CNC, sizing, and calibration machines within our woodworking workshop, we also have our own polishing, painting, upholstery, and metal workshops, allowing us to manage all production processes under one roof and to the highest quality standards, without relying on external suppliers.<\/p>\n<p>In addition to being a strong furniture manufacturer, we also offer professional interior design project and implementation services with our in-house teams of architects, interior designers, and technical staff. Our design team creates designs that meet the aesthetic and functional needs of spaces with modern lines; while our expert production team and skilled personnel bring these designs to life. We are a solution partner in projects of all sizes, from residences, luxury villas, hotels, offices, hospitals, and shops to commercial establishments such as cafes and restaurants, and private living spaces.<\/p>\n<p>From the production of movable and fixed furniture to wall coverings, custom ceiling details, stairs, and doors, we manufacture all kinds of wood products with millimeter precision and flawless workmanship. We are also bringing this manufacturing expertise to the retail sector, offering our modern furniture collections to end-users under our RYO Home brand.<\/p>\n<p>As Cabir Furniture, we undertake high-quality projects not only in Turkey but also in a wide geographical area extending to Europe, America, the Balkans, and Africa. With our strong design vision, technical infrastructure, and professional team, we continue to bring to life ambitious projects that combine quality with aesthetics in the furniture and interior design sectors.<\/p>\n<\/div>\n\t\t<\/div>\n\t\t<\/div><\/div><\/div><div class=\"wpb_column vc_column_container vc_col-sm-6\"><div class=\"vc_column-inner\"><div class=\"wpb_wrapper\">\t\t<div id=\"wd-6999039227a2b\" class=\"wd-image wd-wpb wd-rs-6999039227a2b text-left\">\n\t\t\t\n\t\t\t<img loading=\"lazy\" decoding=\"async\" width=\"1440\" height=\"1920\" src=\"https:\/\/cabirmobilya.com.tr\/wp-content\/uploads\/2026\/02\/empera-istanbul-ofis-proje-210226-8.jpg\" class=\"attachment-full size-full\" alt=\"\" srcset=\"https:\/\/cabirmobilya.com.tr\/wp-content\/uploads\/2026\/02\/empera-istanbul-ofis-proje-210226-8.jpg 1440w, https:\/\/cabirmobilya.com.tr\/wp-content\/uploads\/2026\/02\/empera-istanbul-ofis-proje-210226-8-225x300.jpg 225w, https:\/\/cabirmobilya.com.tr\/wp-content\/uploads\/2026\/02\/empera-istanbul-ofis-proje-210226-8-768x1024.jpg 768w, https:\/\/cabirmobilya.com.tr\/wp-content\/uploads\/2026\/02\/empera-istanbul-ofis-proje-210226-8-1152x1536.jpg 1152w\" sizes=\"auto, (max-width: 1440px) 100vw, 1440px\" \/>\n\t\t\t\t\t<\/div>\n\t\t<\/div><\/div><\/div><\/div>\n<\/div>","protected":false},"excerpt":{"rendered":"Hakk\u0131m\u0131zda Sekt\u00f6rdeki yolculu\u011funa 2008 y\u0131l\u0131nda ba\u015flayan firmam\u0131z, edindi\u011fi k\u00f6kl\u00fc tecr\u00fcbeyi 2023 y\u0131l\u0131nda Cabir Holding b\u00fcnyesine kat\u0131larak kurumsal bir yap\u0131ya ta\u015f\u0131m\u0131\u015f","protected":false},"author":1,"featured_media":0,"parent":0,"menu_order":0,"comment_status":"closed","ping_status":"closed","template":"","meta":{"footnotes":""},"class_list":["post-225","page","type-page","status-publish","hentry"],"_links":{"self":[{"href":"https:\/\/cabirmobilya.com.tr\/en\/wp-json\/wp\/v2\/pages\/225","targetHints":{"allow":["GET"]}}],"collection":[{"href":"https:\/\/cabirmobilya.com.tr\/en\/wp-json\/wp\/v2\/pages"}],"about":[{"href":"https:\/\/cabirmobilya.com.tr\/en\/wp-json\/wp\/v2\/types\/page"}],"author":[{"embeddable":true,"href":"https:\/\/cabirmobilya.com.tr\/en\/wp-json\/wp\/v2\/users\/1"}],"replies":[{"embeddable":true,"href":"https:\/\/cabirmobilya.com.tr\/en\/wp-json\/wp\/v2\/comments?post=225"}],"version-history":[{"count":11,"href":"https:\/\/cabirmobilya.com.tr\/en\/wp-json\/wp\/v2\/pages\/225\/revisions"}],"predecessor-version":[{"id":567,"href":"https:\/\/cabirmobilya.com.tr\/en\/wp-json\/wp\/v2\/pages\/225\/revisions\/567"}],"wp:attachment":[{"href":"https:\/\/cabirmobilya.com.tr\/en\/wp-json\/wp\/v2\/media?parent=225"}],"curies":[{"name":"wp","href":"https:\/\/api.w.org\/{rel}","templated":true}]}}