{"id":231,"date":"2026-02-20T23:42:18","date_gmt":"2026-02-20T23:42:18","guid":{"rendered":"https:\/\/cabirmobilya.com.tr\/?page_id=231"},"modified":"2026-03-16T00:19:32","modified_gmt":"2026-03-16T00:19:32","slug":"ulus-villa-projesi","status":"publish","type":"page","link":"https:\/\/cabirmobilya.com.tr\/en\/projeler\/ulus-villa-projesi\/","title":{"rendered":"Ulus Villa Project"},"content":{"rendered":"<div class=\"wpb-content-wrapper\"><div id=\"project-banner-row\" data-vc-full-width=\"true\" data-vc-full-width-temp=\"true\" data-vc-full-width-init=\"false\" data-vc-stretch-content=\"true\" class=\"vc_row wpb_row vc_row-fluid vc_row-no-padding wd-rs-6998ac6160542\"><div class=\"wpb_column vc_column_container vc_col-sm-12\"><div class=\"vc_column-inner\"><div class=\"wpb_wrapper\">\t\t<div class=\"promo-banner-wrapper  wd-rs-6998f07558965\">\n\t\t\t<div id=\"wd-6998f07558965\" class=\"promo-banner  banner- banner-hover-none color-scheme-light banner-btn-size-default banner-btn-style-default  wd-underline-colored\">\n\t\t\t\t<div class=\"main-wrapp-img\">\n\t\t\t\t\t<div class=\"banner-image wd-bg-position-center\" >\n\t\t\t\t\t\t<img loading=\"lazy\" decoding=\"async\" width=\"1920\" height=\"1080\" src=\"https:\/\/cabirmobilya.com.tr\/wp-content\/uploads\/2026\/02\/ulus-villa-projesi-210226-7.jpg\" class=\"attachment-full size-full\" alt=\"\" \/>\t\t\t\t\t<\/div>\n\t\t\t\t<\/div>\n\n\t\t\t\t<div class=\"wrapper-content-banner wd-fill  wd-items-middle wd-justify-center\">\n\t\t\t\t\t<div class=\"content-banner  text-center\">\n\t\t\t\t\t\t<h1 class=\"banner-title wd-font-weight- wd-fontsize-l\">Ulus Villa Project<\/h1>\t\t\t\t\t\t\n\t\t\t\t\t\t\n\t\t\t\t\t\t\t\t\t\t\t<\/div>\n\t\t\t\t<\/div>\n\n\t\t\t\t\n\t\t\t\t\t\t\t<\/div>\n\t\t<\/div>\n\n\t\t<\/div><\/div><\/div><\/div><div class=\"vc_row-full-width vc_clearfix\"><\/div><div id=\"project-text-row\" class=\"vc_row wpb_row vc_row-fluid vc_custom_1771613294610 wd-rs-6998ac699b5d5\"><div class=\"wpb_column vc_column_container vc_col-sm-12\"><div class=\"vc_column-inner\"><div class=\"wpb_wrapper\">\t\t<div id=\"wd-6998f1415571c\" class=\"wd-text-block wd-wpb reset-last-child wd-rs-6998f1415571c text-left\">\n\t\t\t<div class=\"proje-information\">\n<p>Located in Ulus, one of Istanbul's most prestigious neighborhoods, this exclusive villa project features all fixed furniture and wood decoration processes designed to reflect the spirit of the space and create a perfect balance of aesthetics and comfort, all bearing the signature of our company. By combining architectural vision with top-segment materials and craftsmanship, we have created a standard of quality felt in every corner of the villa.<\/p>\n<h2>Venue and Implementation Details:<\/h2>\n<p><strong>Introduction and Welcome:<\/strong> The villa offers a captivating atmosphere from the moment you step inside, with its wall-mounted, hidden wardrobe systems and mirrored wooden dressers that add depth to the space.<\/p>\n<p><strong>Living and Seating Areas:<\/strong> This section, which forms the heart of the living space, features wall panels that interpret the warmth of natural wood with modern lines, and a TV unit with marble and brass details that serves as the focal point of the space.<\/p>\n<p><strong>Kitchen:<\/strong> This kitchen design is not just a cooking area, but also a social gathering point for the home; the smooth lacquered surfaces, specially designed storage areas, and island unit are crafted with the meticulousness of a work of art.<\/p>\n<p><strong>Dressing Rooms:<\/strong> In a luxurious boutique atmosphere, these wardrobe systems are designed for personal use, featuring bronze glass doors, integrated lighting, and leather-detailed drawers, where functionality and aesthetics reach their peak.<\/p>\n<p><strong>Bedrooms:<\/strong> For a peaceful ambiance that helps you forget the day's fatigue, we offer bedside units, nightstands, and custom-designed dressing table solutions featuring soft transitions between fabric and wood.<\/p>\n<p><strong>Bathrooms:<\/strong> Minimalist and modern bathroom cabinets that combine durability and style in wet areas, integrated with marble countertops.<\/div>\n\t\t<\/div>\n\t\t<\/div><\/div><\/div><\/div><div id=\"project-images-row\" data-vc-full-width=\"true\" data-vc-full-width-temp=\"true\" data-vc-full-width-init=\"false\" data-vc-stretch-content=\"true\" class=\"vc_row wpb_row vc_row-fluid vc_custom_1771613304631 vc_row-no-padding wd-rs-6998ac702e1f8\"><div class=\"wpb_column vc_column_container vc_col-sm-12\"><div class=\"vc_column-inner\"><div class=\"wpb_wrapper\">    \n    <style>\n        \/* Masa\u00fcst\u00fc: Belirledi\u011fin y\u00fcksekli\u011fi baz al *\/\n        #carousel-69e3a1f1c6595 { height: 600px; }\n        \n        \/* Mobil: Sadece senin verdi\u011fin mobil y\u00fcksekli\u011fi baz al, geni\u015flik yine auto kals\u0131n *\/\n        @media (max-width: 768px) {\n            #carousel-69e3a1f1c6595 { height: 400px !important; }\n        }\n    <\/style>\n\n    <div id=\"carousel-69e3a1f1c6595\" class=\"swiper custom-main-carousel\">\n        <div class=\"swiper-wrapper\">\n                            <div class=\"swiper-slide\">\n                    <a href=\"https:\/\/cabirmobilya.com.tr\/wp-content\/uploads\/2026\/02\/ulus-villa-projesi-210226-2.jpg\" class=\"pswp-link\" data-size=\"1536x1920\">\n                        <img decoding=\"async\" src=\"https:\/\/cabirmobilya.com.tr\/wp-content\/uploads\/2026\/02\/ulus-villa-projesi-210226-2.jpg\" alt=\"Gallery\" \/>\n                    <\/a>\n                <\/div>\n                            <div class=\"swiper-slide\">\n                    <a href=\"https:\/\/cabirmobilya.com.tr\/wp-content\/uploads\/2026\/02\/ulus-villa-projesi-210226-3.jpg\" class=\"pswp-link\" data-size=\"1536x1920\">\n                        <img decoding=\"async\" src=\"https:\/\/cabirmobilya.com.tr\/wp-content\/uploads\/2026\/02\/ulus-villa-projesi-210226-3.jpg\" alt=\"Gallery\" \/>\n                    <\/a>\n                <\/div>\n                            <div class=\"swiper-slide\">\n                    <a href=\"https:\/\/cabirmobilya.com.tr\/wp-content\/uploads\/2026\/02\/ulus-villa-projesi-210226-4.jpg\" class=\"pswp-link\" data-size=\"1536x1920\">\n                        <img decoding=\"async\" src=\"https:\/\/cabirmobilya.com.tr\/wp-content\/uploads\/2026\/02\/ulus-villa-projesi-210226-4.jpg\" alt=\"Gallery\" \/>\n                    <\/a>\n                <\/div>\n                            <div class=\"swiper-slide\">\n                    <a href=\"https:\/\/cabirmobilya.com.tr\/wp-content\/uploads\/2026\/02\/ulus-villa-projesi-210226-5.jpg\" class=\"pswp-link\" data-size=\"1536x1920\">\n                        <img decoding=\"async\" src=\"https:\/\/cabirmobilya.com.tr\/wp-content\/uploads\/2026\/02\/ulus-villa-projesi-210226-5.jpg\" alt=\"Gallery\" \/>\n                    <\/a>\n                <\/div>\n                            <div class=\"swiper-slide\">\n                    <a href=\"https:\/\/cabirmobilya.com.tr\/wp-content\/uploads\/2026\/02\/ulus-villa-projesi-210226-1.jpg\" class=\"pswp-link\" data-size=\"1536x1920\">\n                        <img decoding=\"async\" src=\"https:\/\/cabirmobilya.com.tr\/wp-content\/uploads\/2026\/02\/ulus-villa-projesi-210226-1.jpg\" alt=\"Gallery\" \/>\n                    <\/a>\n                <\/div>\n                            <div class=\"swiper-slide\">\n                    <a href=\"https:\/\/cabirmobilya.com.tr\/wp-content\/uploads\/2026\/02\/ulus-villa-projesi-210226-6.jpg\" class=\"pswp-link\" data-size=\"1536x1920\">\n                        <img decoding=\"async\" src=\"https:\/\/cabirmobilya.com.tr\/wp-content\/uploads\/2026\/02\/ulus-villa-projesi-210226-6.jpg\" alt=\"Gallery\" \/>\n                    <\/a>\n                <\/div>\n                            <div class=\"swiper-slide\">\n                    <a href=\"https:\/\/cabirmobilya.com.tr\/wp-content\/uploads\/2026\/02\/ulus-villa-projesi-210226-7.jpg\" class=\"pswp-link\" data-size=\"1920x1080\">\n                        <img decoding=\"async\" src=\"https:\/\/cabirmobilya.com.tr\/wp-content\/uploads\/2026\/02\/ulus-villa-projesi-210226-7.jpg\" alt=\"Gallery\" \/>\n                    <\/a>\n                <\/div>\n                            <div class=\"swiper-slide\">\n                    <a href=\"https:\/\/cabirmobilya.com.tr\/wp-content\/uploads\/2026\/02\/ulus-villa-projesi-210226-8.jpg\" class=\"pswp-link\" data-size=\"1536x1920\">\n                        <img decoding=\"async\" src=\"https:\/\/cabirmobilya.com.tr\/wp-content\/uploads\/2026\/02\/ulus-villa-projesi-210226-8.jpg\" alt=\"Gallery\" \/>\n                    <\/a>\n                <\/div>\n                            <div class=\"swiper-slide\">\n                    <a href=\"https:\/\/cabirmobilya.com.tr\/wp-content\/uploads\/2026\/02\/ulus-villa-projesi-210226-9.jpg\" class=\"pswp-link\" data-size=\"1920x1263\">\n                        <img decoding=\"async\" src=\"https:\/\/cabirmobilya.com.tr\/wp-content\/uploads\/2026\/02\/ulus-villa-projesi-210226-9.jpg\" alt=\"Gallery\" \/>\n                    <\/a>\n                <\/div>\n                            <div class=\"swiper-slide\">\n                    <a href=\"https:\/\/cabirmobilya.com.tr\/wp-content\/uploads\/2026\/02\/ulus-villa-projesi-210226-10.jpg\" class=\"pswp-link\" data-size=\"1536x1920\">\n                        <img decoding=\"async\" src=\"https:\/\/cabirmobilya.com.tr\/wp-content\/uploads\/2026\/02\/ulus-villa-projesi-210226-10.jpg\" alt=\"Gallery\" \/>\n                    <\/a>\n                <\/div>\n                            <div class=\"swiper-slide\">\n                    <a href=\"https:\/\/cabirmobilya.com.tr\/wp-content\/uploads\/2026\/02\/ulus-villa-projesi-210226-11.jpg\" class=\"pswp-link\" data-size=\"1536x1920\">\n                        <img decoding=\"async\" src=\"https:\/\/cabirmobilya.com.tr\/wp-content\/uploads\/2026\/02\/ulus-villa-projesi-210226-11.jpg\" alt=\"Gallery\" \/>\n                    <\/a>\n                <\/div>\n                            <div class=\"swiper-slide\">\n                    <a href=\"https:\/\/cabirmobilya.com.tr\/wp-content\/uploads\/2026\/02\/ulus-villa-projesi-210226-12.jpg\" class=\"pswp-link\" data-size=\"1536x1920\">\n                        <img decoding=\"async\" src=\"https:\/\/cabirmobilya.com.tr\/wp-content\/uploads\/2026\/02\/ulus-villa-projesi-210226-12.jpg\" alt=\"Gallery\" \/>\n                    <\/a>\n                <\/div>\n                            <div class=\"swiper-slide\">\n                    <a href=\"https:\/\/cabirmobilya.com.tr\/wp-content\/uploads\/2026\/02\/ulus-villa-projesi-210226-13.jpg\" class=\"pswp-link\" data-size=\"1536x1920\">\n                        <img decoding=\"async\" src=\"https:\/\/cabirmobilya.com.tr\/wp-content\/uploads\/2026\/02\/ulus-villa-projesi-210226-13.jpg\" alt=\"Gallery\" \/>\n                    <\/a>\n                <\/div>\n                            <div class=\"swiper-slide\">\n                    <a href=\"https:\/\/cabirmobilya.com.tr\/wp-content\/uploads\/2026\/02\/ulus-villa-projesi-210226-14.jpg\" class=\"pswp-link\" data-size=\"1536x1920\">\n                        <img decoding=\"async\" src=\"https:\/\/cabirmobilya.com.tr\/wp-content\/uploads\/2026\/02\/ulus-villa-projesi-210226-14.jpg\" alt=\"Gallery\" \/>\n                    <\/a>\n                <\/div>\n                            <div class=\"swiper-slide\">\n                    <a href=\"https:\/\/cabirmobilya.com.tr\/wp-content\/uploads\/2026\/02\/ulus-villa-projesi-210226-15.jpg\" class=\"pswp-link\" data-size=\"1536x1920\">\n                        <img decoding=\"async\" src=\"https:\/\/cabirmobilya.com.tr\/wp-content\/uploads\/2026\/02\/ulus-villa-projesi-210226-15.jpg\" alt=\"Gallery\" \/>\n                    <\/a>\n                <\/div>\n                            <div class=\"swiper-slide\">\n                    <a href=\"https:\/\/cabirmobilya.com.tr\/wp-content\/uploads\/2026\/02\/ulus-villa-projesi-210226-16.jpg\" class=\"pswp-link\" data-size=\"1536x1920\">\n                        <img decoding=\"async\" src=\"https:\/\/cabirmobilya.com.tr\/wp-content\/uploads\/2026\/02\/ulus-villa-projesi-210226-16.jpg\" alt=\"Gallery\" \/>\n                    <\/a>\n                <\/div>\n                            <div class=\"swiper-slide\">\n                    <a href=\"https:\/\/cabirmobilya.com.tr\/wp-content\/uploads\/2026\/02\/ulus-villa-projesi-210226-17.jpg\" class=\"pswp-link\" data-size=\"1536x1920\">\n                        <img decoding=\"async\" src=\"https:\/\/cabirmobilya.com.tr\/wp-content\/uploads\/2026\/02\/ulus-villa-projesi-210226-17.jpg\" alt=\"Gallery\" \/>\n                    <\/a>\n                <\/div>\n                            <div class=\"swiper-slide\">\n                    <a href=\"https:\/\/cabirmobilya.com.tr\/wp-content\/uploads\/2026\/02\/ulus-villa-projesi-210226-18.jpg\" class=\"pswp-link\" data-size=\"1536x1920\">\n                        <img decoding=\"async\" src=\"https:\/\/cabirmobilya.com.tr\/wp-content\/uploads\/2026\/02\/ulus-villa-projesi-210226-18.jpg\" alt=\"Gallery\" \/>\n                    <\/a>\n                <\/div>\n                            <div class=\"swiper-slide\">\n                    <a href=\"https:\/\/cabirmobilya.com.tr\/wp-content\/uploads\/2026\/02\/ulus-villa-projesi-210226-19.jpg\" class=\"pswp-link\" data-size=\"1536x1920\">\n                        <img decoding=\"async\" src=\"https:\/\/cabirmobilya.com.tr\/wp-content\/uploads\/2026\/02\/ulus-villa-projesi-210226-19.jpg\" alt=\"Gallery\" \/>\n                    <\/a>\n                <\/div>\n                            <div class=\"swiper-slide\">\n                    <a href=\"https:\/\/cabirmobilya.com.tr\/wp-content\/uploads\/2026\/02\/ulus-villa-projesi-210226-20.jpg\" class=\"pswp-link\" data-size=\"1481x1920\">\n                        <img decoding=\"async\" src=\"https:\/\/cabirmobilya.com.tr\/wp-content\/uploads\/2026\/02\/ulus-villa-projesi-210226-20.jpg\" alt=\"Gallery\" \/>\n                    <\/a>\n                <\/div>\n                            <div class=\"swiper-slide\">\n                    <a href=\"https:\/\/cabirmobilya.com.tr\/wp-content\/uploads\/2026\/02\/ulus-villa-projesi-210226-21.jpg\" class=\"pswp-link\" data-size=\"1920x1920\">\n                        <img decoding=\"async\" src=\"https:\/\/cabirmobilya.com.tr\/wp-content\/uploads\/2026\/02\/ulus-villa-projesi-210226-21.jpg\" alt=\"Gallery\" \/>\n                    <\/a>\n                <\/div>\n                            <div class=\"swiper-slide\">\n                    <a href=\"https:\/\/cabirmobilya.com.tr\/wp-content\/uploads\/2026\/02\/ulus-villa-projesi-210226-22.jpg\" class=\"pswp-link\" data-size=\"1920x1920\">\n                        <img decoding=\"async\" src=\"https:\/\/cabirmobilya.com.tr\/wp-content\/uploads\/2026\/02\/ulus-villa-projesi-210226-22.jpg\" alt=\"Gallery\" \/>\n                    <\/a>\n                <\/div>\n                    <\/div>\n        <div class=\"swiper-button-prev\"><\/div>\n        <div class=\"swiper-button-next\"><\/div>\n    <\/div>\n\n        <div class=\"pswp\" tabindex=\"-1\" role=\"dialog\" aria-hidden=\"true\"><div class=\"pswp__bg\"><\/div><div class=\"pswp__scroll-wrap\"><div class=\"pswp__container\"><div class=\"pswp__item\"><\/div><div class=\"pswp__item\"><\/div><div class=\"pswp__item\"><\/div><\/div><div class=\"pswp__ui pswp__ui--hidden\"><div class=\"pswp__top-bar\"><div class=\"pswp__counter\"><\/div><button class=\"pswp__button pswp__button--close\" title=\"Close\"><\/button><button class=\"pswp__button pswp__button--fs\" title=\"Toggle fullscreen\"><\/button><button class=\"pswp__button pswp__button--zoom\" title=\"Zoom\"><\/button><div class=\"pswp__preloader\"><div class=\"pswp__preloader__icn\"><div class=\"pswp__preloader__cut\"><div class=\"pswp__preloader__donut\"><\/div><\/div><\/div><\/div><\/div><button class=\"pswp__button pswp__button--arrow--left\"><\/button><button class=\"pswp__button pswp__button--arrow--right\"><\/button><div class=\"pswp__caption\"><div class=\"pswp__caption__center\"><\/div><\/div><\/div><\/div><\/div>\n        <\/div><\/div><\/div><\/div><div class=\"vc_row-full-width vc_clearfix\"><\/div>\n<\/div>","protected":false},"excerpt":{"rendered":"Ulus Villa Projesi \u0130stanbul\u2019un en se\u00e7kin semtlerinden Ulus\u2019ta konumlanan bu \u00f6zel villa projesinde; mek\u00e2n\u0131n ruhunu yans\u0131tan, estetik ve konforun kusursuz","protected":false},"author":1,"featured_media":0,"parent":56,"menu_order":0,"comment_status":"closed","ping_status":"closed","template":"","meta":{"footnotes":""},"class_list":["post-231","page","type-page","status-publish","hentry"],"_links":{"self":[{"href":"https:\/\/cabirmobilya.com.tr\/en\/wp-json\/wp\/v2\/pages\/231","targetHints":{"allow":["GET"]}}],"collection":[{"href":"https:\/\/cabirmobilya.com.tr\/en\/wp-json\/wp\/v2\/pages"}],"about":[{"href":"https:\/\/cabirmobilya.com.tr\/en\/wp-json\/wp\/v2\/types\/page"}],"author":[{"embeddable":true,"href":"https:\/\/cabirmobilya.com.tr\/en\/wp-json\/wp\/v2\/users\/1"}],"replies":[{"embeddable":true,"href":"https:\/\/cabirmobilya.com.tr\/en\/wp-json\/wp\/v2\/comments?post=231"}],"version-history":[{"count":2,"href":"https:\/\/cabirmobilya.com.tr\/en\/wp-json\/wp\/v2\/pages\/231\/revisions"}],"predecessor-version":[{"id":504,"href":"https:\/\/cabirmobilya.com.tr\/en\/wp-json\/wp\/v2\/pages\/231\/revisions\/504"}],"up":[{"embeddable":true,"href":"https:\/\/cabirmobilya.com.tr\/en\/wp-json\/wp\/v2\/pages\/56"}],"wp:attachment":[{"href":"https:\/\/cabirmobilya.com.tr\/en\/wp-json\/wp\/v2\/media?parent=231"}],"curies":[{"name":"wp","href":"https:\/\/api.w.org\/{rel}","templated":true}]}}