{"id":356,"date":"2026-02-25T01:55:44","date_gmt":"2026-02-25T01:55:44","guid":{"rendered":"https:\/\/cabirmobilya.com.tr\/?page_id=356"},"modified":"2026-03-16T00:28:06","modified_gmt":"2026-03-16T00:28:06","slug":"cabir-deluxe-otel-projesi","status":"publish","type":"page","link":"https:\/\/cabirmobilya.com.tr\/en\/projeler\/cabir-deluxe-otel-projesi\/","title":{"rendered":"Cabir Deluxe Hotel Project"},"content":{"rendered":"<div class=\"wpb-content-wrapper\"><div id=\"project-banner-row\" data-vc-full-width=\"true\" data-vc-full-width-temp=\"true\" data-vc-full-width-init=\"false\" data-vc-stretch-content=\"true\" class=\"vc_row wpb_row vc_row-fluid vc_row-no-padding wd-rs-6998ac6160542\"><div class=\"wpb_column vc_column_container vc_col-sm-12\"><div class=\"vc_column-inner\"><div class=\"wpb_wrapper\">\t\t<div class=\"promo-banner-wrapper  wd-rs-699e5631cb35b\">\n\t\t\t<div id=\"wd-699e5631cb35b\" class=\"promo-banner  banner- banner-hover-none color-scheme-light banner-btn-size-default banner-btn-style-default  wd-underline-colored\">\n\t\t\t\t<div class=\"main-wrapp-img\">\n\t\t\t\t\t<div class=\"banner-image wd-bg-position-center\" >\n\t\t\t\t\t\t<img loading=\"lazy\" decoding=\"async\" width=\"1920\" height=\"1008\" src=\"https:\/\/cabirmobilya.com.tr\/wp-content\/uploads\/2026\/02\/cabir-delux-otel-projesi-250226-7.jpg\" class=\"attachment-full size-full\" alt=\"\" \/>\t\t\t\t\t<\/div>\n\t\t\t\t<\/div>\n\n\t\t\t\t<div class=\"wrapper-content-banner wd-fill  wd-items-middle wd-justify-center\">\n\t\t\t\t\t<div class=\"content-banner  text-center\">\n\t\t\t\t\t\t<h1 class=\"banner-title wd-font-weight- wd-fontsize-l\">Cabir Deluxe Hotel Project<\/h1>\t\t\t\t\t\t\n\t\t\t\t\t\t\n\t\t\t\t\t\t\t\t\t\t\t<\/div>\n\t\t\t\t<\/div>\n\n\t\t\t\t\n\t\t\t\t\t\t\t<\/div>\n\t\t<\/div>\n\n\t\t<\/div><\/div><\/div><\/div><div class=\"vc_row-full-width vc_clearfix\"><\/div><div id=\"project-text-row\" class=\"vc_row wpb_row vc_row-fluid vc_custom_1771613294610 wd-rs-6998ac699b5d5\"><div class=\"wpb_column vc_column_container vc_col-sm-12\"><div class=\"vc_column-inner\"><div class=\"wpb_wrapper\">\t\t<div id=\"wd-699e56896ae5f\" class=\"wd-text-block wd-wpb reset-last-child wd-rs-699e56896ae5f text-left\">\n\t\t\t<div class=\"proje-information\">\n<p>In line with the hotel project's concept design, all wood and furniture manufacturing for the common areas, restaurant, lounge sections, spa, and guest rooms was carried out by our company. The project combined high-traffic resistant industrial solutions with decorative details.<\/p>\n<h2>Application Details:<\/h2>\n<p><strong>Restaurant and Buffet:<\/strong> Durable buffet counters in a combination of marble and wood used in service areas. Wooden grid ceiling applications and dining table manufacturing that contribute to the acoustics and visual appeal of the space.<\/p>\n<p><strong>Lounge and Cafe Areas:<\/strong> Wooden cassette ceiling systems and custom-made quilted cedar seating groups to match the texture of the space. Decorative partition panels enriched with brass and metal details.<\/p>\n<p><strong>Accommodation Rooms:<\/strong> The room concept includes a headboard made of wood and fabric panels, and wall coverings with bronze mirror details. Custom-made dressing tables, luggage racks, and wardrobe systems were also produced to specific dimensions for the project.<\/p>\n<p><strong>SPA and Wet Areas:<\/strong> The massage rooms feature vertical wooden slat wall decorations that complete the atmosphere, and bathroom cabinet units made from moisture-resistant materials.<\/div>\n\t\t<\/div>\n\t\t<\/div><\/div><\/div><\/div><div id=\"project-images-row\" data-vc-full-width=\"true\" data-vc-full-width-temp=\"true\" data-vc-full-width-init=\"false\" data-vc-stretch-content=\"true\" class=\"vc_row wpb_row vc_row-fluid vc_custom_1771613304631 vc_row-no-padding wd-rs-6998ac702e1f8\"><div class=\"wpb_column vc_column_container vc_col-sm-12\"><div class=\"vc_column-inner\"><div class=\"wpb_wrapper\">    \n    <style>\n        \/* Masa\u00fcst\u00fc: Belirledi\u011fin y\u00fcksekli\u011fi baz al *\/\n        #carousel-69e3a25882a81 { height: 600px; }\n        \n        \/* Mobil: Sadece senin verdi\u011fin mobil y\u00fcksekli\u011fi baz al, geni\u015flik yine auto kals\u0131n *\/\n        @media (max-width: 768px) {\n            #carousel-69e3a25882a81 { height: 400px !important; }\n        }\n    <\/style>\n\n    <div id=\"carousel-69e3a25882a81\" class=\"swiper custom-main-carousel\">\n        <div class=\"swiper-wrapper\">\n                            <div class=\"swiper-slide\">\n                    <a href=\"https:\/\/cabirmobilya.com.tr\/wp-content\/uploads\/2026\/02\/cabir-delux-otel-projesi-250226-3.jpg\" class=\"pswp-link\" data-size=\"1920x1243\">\n                        <img decoding=\"async\" src=\"https:\/\/cabirmobilya.com.tr\/wp-content\/uploads\/2026\/02\/cabir-delux-otel-projesi-250226-3.jpg\" alt=\"Gallery\" \/>\n                    <\/a>\n                <\/div>\n                            <div class=\"swiper-slide\">\n                    <a href=\"https:\/\/cabirmobilya.com.tr\/wp-content\/uploads\/2026\/02\/cabir-delux-otel-projesi-250226-4.jpg\" class=\"pswp-link\" data-size=\"1920x954\">\n                        <img decoding=\"async\" src=\"https:\/\/cabirmobilya.com.tr\/wp-content\/uploads\/2026\/02\/cabir-delux-otel-projesi-250226-4.jpg\" alt=\"Gallery\" \/>\n                    <\/a>\n                <\/div>\n                            <div class=\"swiper-slide\">\n                    <a href=\"https:\/\/cabirmobilya.com.tr\/wp-content\/uploads\/2026\/02\/cabir-delux-otel-projesi-250226-5.jpg\" class=\"pswp-link\" data-size=\"1920x1001\">\n                        <img decoding=\"async\" src=\"https:\/\/cabirmobilya.com.tr\/wp-content\/uploads\/2026\/02\/cabir-delux-otel-projesi-250226-5.jpg\" alt=\"Gallery\" \/>\n                    <\/a>\n                <\/div>\n                            <div class=\"swiper-slide\">\n                    <a href=\"https:\/\/cabirmobilya.com.tr\/wp-content\/uploads\/2026\/02\/cabir-delux-otel-projesi-250226-6.jpg\" class=\"pswp-link\" data-size=\"1920x1080\">\n                        <img decoding=\"async\" src=\"https:\/\/cabirmobilya.com.tr\/wp-content\/uploads\/2026\/02\/cabir-delux-otel-projesi-250226-6.jpg\" alt=\"Gallery\" \/>\n                    <\/a>\n                <\/div>\n                            <div class=\"swiper-slide\">\n                    <a href=\"https:\/\/cabirmobilya.com.tr\/wp-content\/uploads\/2026\/02\/cabir-delux-otel-projesi-250226-7.jpg\" class=\"pswp-link\" data-size=\"1920x1008\">\n                        <img decoding=\"async\" src=\"https:\/\/cabirmobilya.com.tr\/wp-content\/uploads\/2026\/02\/cabir-delux-otel-projesi-250226-7.jpg\" alt=\"Gallery\" \/>\n                    <\/a>\n                <\/div>\n                            <div class=\"swiper-slide\">\n                    <a href=\"https:\/\/cabirmobilya.com.tr\/wp-content\/uploads\/2026\/02\/cabir-delux-otel-projesi-250226-8.jpg\" class=\"pswp-link\" data-size=\"1920x1186\">\n                        <img decoding=\"async\" src=\"https:\/\/cabirmobilya.com.tr\/wp-content\/uploads\/2026\/02\/cabir-delux-otel-projesi-250226-8.jpg\" alt=\"Gallery\" \/>\n                    <\/a>\n                <\/div>\n                            <div class=\"swiper-slide\">\n                    <a href=\"https:\/\/cabirmobilya.com.tr\/wp-content\/uploads\/2026\/02\/cabir-delux-otel-projesi-250226-9.jpg\" class=\"pswp-link\" data-size=\"1920x1280\">\n                        <img decoding=\"async\" src=\"https:\/\/cabirmobilya.com.tr\/wp-content\/uploads\/2026\/02\/cabir-delux-otel-projesi-250226-9.jpg\" alt=\"Gallery\" \/>\n                    <\/a>\n                <\/div>\n                            <div class=\"swiper-slide\">\n                    <a href=\"https:\/\/cabirmobilya.com.tr\/wp-content\/uploads\/2026\/02\/cabir-delux-otel-projesi-250226-1.jpg\" class=\"pswp-link\" data-size=\"1920x1280\">\n                        <img decoding=\"async\" src=\"https:\/\/cabirmobilya.com.tr\/wp-content\/uploads\/2026\/02\/cabir-delux-otel-projesi-250226-1.jpg\" alt=\"Gallery\" \/>\n                    <\/a>\n                <\/div>\n                            <div class=\"swiper-slide\">\n                    <a href=\"https:\/\/cabirmobilya.com.tr\/wp-content\/uploads\/2026\/02\/cabir-delux-otel-projesi-250226-2.jpg\" class=\"pswp-link\" data-size=\"1920x1280\">\n                        <img decoding=\"async\" src=\"https:\/\/cabirmobilya.com.tr\/wp-content\/uploads\/2026\/02\/cabir-delux-otel-projesi-250226-2.jpg\" alt=\"Gallery\" \/>\n                    <\/a>\n                <\/div>\n                    <\/div>\n        <div class=\"swiper-button-prev\"><\/div>\n        <div class=\"swiper-button-next\"><\/div>\n    <\/div>\n\n        <div class=\"pswp\" tabindex=\"-1\" role=\"dialog\" aria-hidden=\"true\"><div class=\"pswp__bg\"><\/div><div class=\"pswp__scroll-wrap\"><div class=\"pswp__container\"><div class=\"pswp__item\"><\/div><div class=\"pswp__item\"><\/div><div class=\"pswp__item\"><\/div><\/div><div class=\"pswp__ui pswp__ui--hidden\"><div class=\"pswp__top-bar\"><div class=\"pswp__counter\"><\/div><button class=\"pswp__button pswp__button--close\" title=\"Close\"><\/button><button class=\"pswp__button pswp__button--fs\" title=\"Toggle fullscreen\"><\/button><button class=\"pswp__button pswp__button--zoom\" title=\"Zoom\"><\/button><div class=\"pswp__preloader\"><div class=\"pswp__preloader__icn\"><div class=\"pswp__preloader__cut\"><div class=\"pswp__preloader__donut\"><\/div><\/div><\/div><\/div><\/div><button class=\"pswp__button pswp__button--arrow--left\"><\/button><button class=\"pswp__button pswp__button--arrow--right\"><\/button><div class=\"pswp__caption\"><div class=\"pswp__caption__center\"><\/div><\/div><\/div><\/div><\/div>\n        <\/div><\/div><\/div><\/div><div class=\"vc_row-full-width vc_clearfix\"><\/div>\n<\/div>","protected":false},"excerpt":{"rendered":"Cabir Deluxe Otel Projesi Otel projesinin konsept tasar\u0131m\u0131 do\u011frultusunda; genel kullan\u0131m alanlar\u0131, restoran, lounge b\u00f6l\u00fcmleri, SPA ve konaklama odalar\u0131n\u0131n t\u00fcm","protected":false},"author":1,"featured_media":0,"parent":56,"menu_order":0,"comment_status":"closed","ping_status":"closed","template":"","meta":{"footnotes":""},"class_list":["post-356","page","type-page","status-publish","hentry"],"_links":{"self":[{"href":"https:\/\/cabirmobilya.com.tr\/en\/wp-json\/wp\/v2\/pages\/356","targetHints":{"allow":["GET"]}}],"collection":[{"href":"https:\/\/cabirmobilya.com.tr\/en\/wp-json\/wp\/v2\/pages"}],"about":[{"href":"https:\/\/cabirmobilya.com.tr\/en\/wp-json\/wp\/v2\/types\/page"}],"author":[{"embeddable":true,"href":"https:\/\/cabirmobilya.com.tr\/en\/wp-json\/wp\/v2\/users\/1"}],"replies":[{"embeddable":true,"href":"https:\/\/cabirmobilya.com.tr\/en\/wp-json\/wp\/v2\/comments?post=356"}],"version-history":[{"count":2,"href":"https:\/\/cabirmobilya.com.tr\/en\/wp-json\/wp\/v2\/pages\/356\/revisions"}],"predecessor-version":[{"id":509,"href":"https:\/\/cabirmobilya.com.tr\/en\/wp-json\/wp\/v2\/pages\/356\/revisions\/509"}],"up":[{"embeddable":true,"href":"https:\/\/cabirmobilya.com.tr\/en\/wp-json\/wp\/v2\/pages\/56"}],"wp:attachment":[{"href":"https:\/\/cabirmobilya.com.tr\/en\/wp-json\/wp\/v2\/media?parent=356"}],"curies":[{"name":"wp","href":"https:\/\/api.w.org\/{rel}","templated":true}]}}