{"id":381,"date":"2026-02-25T02:06:08","date_gmt":"2026-02-25T02:06:08","guid":{"rendered":"https:\/\/cabirmobilya.com.tr\/?page_id=381"},"modified":"2026-03-16T00:32:21","modified_gmt":"2026-03-16T00:32:21","slug":"komodor-remzi-bey-yalisi","status":"publish","type":"page","link":"https:\/\/cabirmobilya.com.tr\/en\/projeler\/komodor-remzi-bey-yalisi\/","title":{"rendered":"Commodore Remzi Bey Mansion"},"content":{"rendered":"<div class=\"wpb-content-wrapper\"><div id=\"project-banner-row\" data-vc-full-width=\"true\" data-vc-full-width-temp=\"true\" data-vc-full-width-init=\"false\" data-vc-stretch-content=\"true\" class=\"vc_row wpb_row vc_row-fluid vc_row-no-padding wd-rs-6998ac6160542\"><div class=\"wpb_column vc_column_container vc_col-sm-12\"><div class=\"vc_column-inner\"><div class=\"wpb_wrapper\">\t\t<div class=\"promo-banner-wrapper  wd-rs-699e588f90cef\">\n\t\t\t<div id=\"wd-699e588f90cef\" class=\"promo-banner  banner- banner-hover-none color-scheme-light banner-btn-size-default banner-btn-style-default  wd-underline-colored\">\n\t\t\t\t<div class=\"main-wrapp-img\">\n\t\t\t\t\t<div class=\"banner-image wd-bg-position-center\" >\n\t\t\t\t\t\t<img loading=\"lazy\" decoding=\"async\" width=\"1920\" height=\"1296\" src=\"https:\/\/cabirmobilya.com.tr\/wp-content\/uploads\/2026\/02\/komodor-remzi-bey-yalisi-250226-8.jpg\" class=\"attachment-full size-full\" alt=\"\" \/>\t\t\t\t\t<\/div>\n\t\t\t\t<\/div>\n\n\t\t\t\t<div class=\"wrapper-content-banner wd-fill  wd-items-middle wd-justify-center\">\n\t\t\t\t\t<div class=\"content-banner  text-center\">\n\t\t\t\t\t\t<h1 class=\"banner-title wd-font-weight- wd-fontsize-l\">Commodore Remzi Bey Mansion<\/h1>\t\t\t\t\t\t\n\t\t\t\t\t\t\n\t\t\t\t\t\t\t\t\t\t\t<\/div>\n\t\t\t\t<\/div>\n\n\t\t\t\t\n\t\t\t\t\t\t\t<\/div>\n\t\t<\/div>\n\n\t\t<\/div><\/div><\/div><\/div><div class=\"vc_row-full-width vc_clearfix\"><\/div><div id=\"project-text-row\" class=\"vc_row wpb_row vc_row-fluid vc_custom_1771613294610 wd-rs-6998ac699b5d5\"><div class=\"wpb_column vc_column_container vc_col-sm-12\"><div class=\"vc_column-inner\"><div class=\"wpb_wrapper\">\t\t<div id=\"wd-699e58f28aa34\" class=\"wd-text-block wd-wpb reset-last-child wd-rs-699e58f28aa34 text-left\">\n\t\t\t<div class=\"proje-information\">\n<p>In the restoration and interior renovation process of the historic Komodor Remzi Bey Mansion, one of the most exquisite works on the Bosphorus, we undertook all the woodworking while remaining faithful to the historical identity of the building. In this project, where we combined traces of traditional art with modern comfort, we brought heritage-quality textures back to life with our masterful craftsmanship.<\/p>\n<h2>Restoration and Manufacturing Details:<\/h2>\n<p><strong>Historic Ceiling and Wall Panels:<\/strong> In keeping with the mansion's original texture, handcrafted decorative slatted ceiling systems and wooden wall panels reflecting the period's architecture have been produced with meticulous attention to detail.<\/p>\n<p><strong>Solid Wood Window Frames and Doors:<\/strong> Manufactured from high-quality solid wood to withstand the harsh climatic conditions of the Bosphorus coastline, it features windows, sliding partitions, and entrance doors with special motifs that preserve historical forms.<\/p>\n<p><strong>Custom Designed Kitchens and Wet Areas:<\/strong> Kitchen and bathroom cabinet units that integrate with the classic waterfront aesthetic; using solid wood and hand-painted lacquered surfaces, and integrated with modern appliances.<\/p>\n<p><strong>Dressing and Storage Areas:<\/strong> Wardrobe and built-in closet systems that make the most efficient use of limited space, reflect the natural warmth of wood, and are enriched with traditional carpentry details.<\/p>\n<p><strong>Stair and Handrail Applications:<\/strong> Solid wood stair treads and decorative railing units, crafted with special lathe work and hand-carved details, provide the vertical flow of the structure.<\/div>\n\t\t<\/div>\n\t\t<\/div><\/div><\/div><\/div><div id=\"project-images-row\" data-vc-full-width=\"true\" data-vc-full-width-temp=\"true\" data-vc-full-width-init=\"false\" data-vc-stretch-content=\"true\" class=\"vc_row wpb_row vc_row-fluid vc_custom_1771613304631 vc_row-no-padding wd-rs-6998ac702e1f8\"><div class=\"wpb_column vc_column_container vc_col-sm-12\"><div class=\"vc_column-inner\"><div class=\"wpb_wrapper\">    \n    <style>\n        \/* Masa\u00fcst\u00fc: Belirledi\u011fin y\u00fcksekli\u011fi baz al *\/\n        #carousel-69e3a244b2c7e { height: 600px; }\n        \n        \/* Mobil: Sadece senin verdi\u011fin mobil y\u00fcksekli\u011fi baz al, geni\u015flik yine auto kals\u0131n *\/\n        @media (max-width: 768px) {\n            #carousel-69e3a244b2c7e { height: 400px !important; }\n        }\n    <\/style>\n\n    <div id=\"carousel-69e3a244b2c7e\" class=\"swiper custom-main-carousel\">\n        <div class=\"swiper-wrapper\">\n                            <div class=\"swiper-slide\">\n                    <a href=\"https:\/\/cabirmobilya.com.tr\/wp-content\/uploads\/2026\/02\/komodor-remzi-bey-yalisi-250226-2.jpg\" class=\"pswp-link\" data-size=\"1920x1324\">\n                        <img decoding=\"async\" src=\"https:\/\/cabirmobilya.com.tr\/wp-content\/uploads\/2026\/02\/komodor-remzi-bey-yalisi-250226-2.jpg\" alt=\"Gallery\" \/>\n                    <\/a>\n                <\/div>\n                            <div class=\"swiper-slide\">\n                    <a href=\"https:\/\/cabirmobilya.com.tr\/wp-content\/uploads\/2026\/02\/komodor-remzi-bey-yalisi-250226-3.jpg\" class=\"pswp-link\" data-size=\"1920x1320\">\n                        <img decoding=\"async\" src=\"https:\/\/cabirmobilya.com.tr\/wp-content\/uploads\/2026\/02\/komodor-remzi-bey-yalisi-250226-3.jpg\" alt=\"Gallery\" \/>\n                    <\/a>\n                <\/div>\n                            <div class=\"swiper-slide\">\n                    <a href=\"https:\/\/cabirmobilya.com.tr\/wp-content\/uploads\/2026\/02\/komodor-remzi-bey-yalisi-250226-4.jpg\" class=\"pswp-link\" data-size=\"1920x1292\">\n                        <img decoding=\"async\" src=\"https:\/\/cabirmobilya.com.tr\/wp-content\/uploads\/2026\/02\/komodor-remzi-bey-yalisi-250226-4.jpg\" alt=\"Gallery\" \/>\n                    <\/a>\n                <\/div>\n                            <div class=\"swiper-slide\">\n                    <a href=\"https:\/\/cabirmobilya.com.tr\/wp-content\/uploads\/2026\/02\/komodor-remzi-bey-yalisi-250226-5.jpg\" class=\"pswp-link\" data-size=\"1920x1284\">\n                        <img decoding=\"async\" src=\"https:\/\/cabirmobilya.com.tr\/wp-content\/uploads\/2026\/02\/komodor-remzi-bey-yalisi-250226-5.jpg\" alt=\"Gallery\" \/>\n                    <\/a>\n                <\/div>\n                            <div class=\"swiper-slide\">\n                    <a href=\"https:\/\/cabirmobilya.com.tr\/wp-content\/uploads\/2026\/02\/komodor-remzi-bey-yalisi-250226-6.jpg\" class=\"pswp-link\" data-size=\"1920x1920\">\n                        <img decoding=\"async\" src=\"https:\/\/cabirmobilya.com.tr\/wp-content\/uploads\/2026\/02\/komodor-remzi-bey-yalisi-250226-6.jpg\" alt=\"Gallery\" \/>\n                    <\/a>\n                <\/div>\n                            <div class=\"swiper-slide\">\n                    <a href=\"https:\/\/cabirmobilya.com.tr\/wp-content\/uploads\/2026\/02\/komodor-remzi-bey-yalisi-250226-1.jpg\" class=\"pswp-link\" data-size=\"1920x1920\">\n                        <img decoding=\"async\" src=\"https:\/\/cabirmobilya.com.tr\/wp-content\/uploads\/2026\/02\/komodor-remzi-bey-yalisi-250226-1.jpg\" alt=\"Gallery\" \/>\n                    <\/a>\n                <\/div>\n                            <div class=\"swiper-slide\">\n                    <a href=\"https:\/\/cabirmobilya.com.tr\/wp-content\/uploads\/2026\/02\/komodor-remzi-bey-yalisi-250226-7.jpg\" class=\"pswp-link\" data-size=\"1305x1920\">\n                        <img decoding=\"async\" src=\"https:\/\/cabirmobilya.com.tr\/wp-content\/uploads\/2026\/02\/komodor-remzi-bey-yalisi-250226-7.jpg\" alt=\"Gallery\" \/>\n                    <\/a>\n                <\/div>\n                            <div class=\"swiper-slide\">\n                    <a href=\"https:\/\/cabirmobilya.com.tr\/wp-content\/uploads\/2026\/02\/komodor-remzi-bey-yalisi-250226-8.jpg\" class=\"pswp-link\" data-size=\"1920x1296\">\n                        <img decoding=\"async\" src=\"https:\/\/cabirmobilya.com.tr\/wp-content\/uploads\/2026\/02\/komodor-remzi-bey-yalisi-250226-8.jpg\" alt=\"Gallery\" \/>\n                    <\/a>\n                <\/div>\n                            <div class=\"swiper-slide\">\n                    <a href=\"https:\/\/cabirmobilya.com.tr\/wp-content\/uploads\/2026\/02\/komodor-remzi-bey-yalisi-250226-9.jpg\" class=\"pswp-link\" data-size=\"1920x1920\">\n                        <img decoding=\"async\" src=\"https:\/\/cabirmobilya.com.tr\/wp-content\/uploads\/2026\/02\/komodor-remzi-bey-yalisi-250226-9.jpg\" alt=\"Gallery\" \/>\n                    <\/a>\n                <\/div>\n                            <div class=\"swiper-slide\">\n                    <a href=\"https:\/\/cabirmobilya.com.tr\/wp-content\/uploads\/2026\/02\/komodor-remzi-bey-yalisi-250226-10.jpg\" class=\"pswp-link\" data-size=\"1920x1920\">\n                        <img decoding=\"async\" src=\"https:\/\/cabirmobilya.com.tr\/wp-content\/uploads\/2026\/02\/komodor-remzi-bey-yalisi-250226-10.jpg\" alt=\"Gallery\" \/>\n                    <\/a>\n                <\/div>\n                            <div class=\"swiper-slide\">\n                    <a href=\"https:\/\/cabirmobilya.com.tr\/wp-content\/uploads\/2026\/02\/komodor-remzi-bey-yalisi-250226-11.jpg\" class=\"pswp-link\" data-size=\"1920x1920\">\n                        <img decoding=\"async\" src=\"https:\/\/cabirmobilya.com.tr\/wp-content\/uploads\/2026\/02\/komodor-remzi-bey-yalisi-250226-11.jpg\" alt=\"Gallery\" \/>\n                    <\/a>\n                <\/div>\n                            <div class=\"swiper-slide\">\n                    <a href=\"https:\/\/cabirmobilya.com.tr\/wp-content\/uploads\/2026\/02\/komodor-remzi-bey-yalisi-250226-12.jpg\" class=\"pswp-link\" data-size=\"1184x1920\">\n                        <img decoding=\"async\" src=\"https:\/\/cabirmobilya.com.tr\/wp-content\/uploads\/2026\/02\/komodor-remzi-bey-yalisi-250226-12.jpg\" alt=\"Gallery\" \/>\n                    <\/a>\n                <\/div>\n                            <div class=\"swiper-slide\">\n                    <a href=\"https:\/\/cabirmobilya.com.tr\/wp-content\/uploads\/2026\/02\/komodor-remzi-bey-yalisi-250226-13.jpg\" class=\"pswp-link\" data-size=\"1920x1920\">\n                        <img decoding=\"async\" src=\"https:\/\/cabirmobilya.com.tr\/wp-content\/uploads\/2026\/02\/komodor-remzi-bey-yalisi-250226-13.jpg\" alt=\"Gallery\" \/>\n                    <\/a>\n                <\/div>\n                            <div class=\"swiper-slide\">\n                    <a href=\"https:\/\/cabirmobilya.com.tr\/wp-content\/uploads\/2026\/02\/komodor-remzi-bey-yalisi-250226-14.jpg\" class=\"pswp-link\" data-size=\"1920x1274\">\n                        <img decoding=\"async\" src=\"https:\/\/cabirmobilya.com.tr\/wp-content\/uploads\/2026\/02\/komodor-remzi-bey-yalisi-250226-14.jpg\" alt=\"Gallery\" \/>\n                    <\/a>\n                <\/div>\n                    <\/div>\n        <div class=\"swiper-button-prev\"><\/div>\n        <div class=\"swiper-button-next\"><\/div>\n    <\/div>\n\n        <div class=\"pswp\" tabindex=\"-1\" role=\"dialog\" aria-hidden=\"true\"><div class=\"pswp__bg\"><\/div><div class=\"pswp__scroll-wrap\"><div class=\"pswp__container\"><div class=\"pswp__item\"><\/div><div class=\"pswp__item\"><\/div><div class=\"pswp__item\"><\/div><\/div><div class=\"pswp__ui pswp__ui--hidden\"><div class=\"pswp__top-bar\"><div class=\"pswp__counter\"><\/div><button class=\"pswp__button pswp__button--close\" title=\"Close\"><\/button><button class=\"pswp__button pswp__button--fs\" title=\"Toggle fullscreen\"><\/button><button class=\"pswp__button pswp__button--zoom\" title=\"Zoom\"><\/button><div class=\"pswp__preloader\"><div class=\"pswp__preloader__icn\"><div class=\"pswp__preloader__cut\"><div class=\"pswp__preloader__donut\"><\/div><\/div><\/div><\/div><\/div><button class=\"pswp__button pswp__button--arrow--left\"><\/button><button class=\"pswp__button pswp__button--arrow--right\"><\/button><div class=\"pswp__caption\"><div class=\"pswp__caption__center\"><\/div><\/div><\/div><\/div><\/div>\n        <\/div><\/div><\/div><\/div><div class=\"vc_row-full-width vc_clearfix\"><\/div>\n<\/div>","protected":false},"excerpt":{"rendered":"Komodor Remzi Bey Yal\u0131s\u0131 \u0130stanbul Bo\u011faz\u0131\u2019n\u0131n en nadide eserlerinden biri olan tarihi Komodor Remzi Bey Yal\u0131s\u0131\u2019n\u0131n restorasyon ve i\u00e7 mek\u00e2n","protected":false},"author":1,"featured_media":0,"parent":56,"menu_order":0,"comment_status":"closed","ping_status":"closed","template":"","meta":{"footnotes":""},"class_list":["post-381","page","type-page","status-publish","hentry"],"_links":{"self":[{"href":"https:\/\/cabirmobilya.com.tr\/en\/wp-json\/wp\/v2\/pages\/381","targetHints":{"allow":["GET"]}}],"collection":[{"href":"https:\/\/cabirmobilya.com.tr\/en\/wp-json\/wp\/v2\/pages"}],"about":[{"href":"https:\/\/cabirmobilya.com.tr\/en\/wp-json\/wp\/v2\/types\/page"}],"author":[{"embeddable":true,"href":"https:\/\/cabirmobilya.com.tr\/en\/wp-json\/wp\/v2\/users\/1"}],"replies":[{"embeddable":true,"href":"https:\/\/cabirmobilya.com.tr\/en\/wp-json\/wp\/v2\/comments?post=381"}],"version-history":[{"count":2,"href":"https:\/\/cabirmobilya.com.tr\/en\/wp-json\/wp\/v2\/pages\/381\/revisions"}],"predecessor-version":[{"id":511,"href":"https:\/\/cabirmobilya.com.tr\/en\/wp-json\/wp\/v2\/pages\/381\/revisions\/511"}],"up":[{"embeddable":true,"href":"https:\/\/cabirmobilya.com.tr\/en\/wp-json\/wp\/v2\/pages\/56"}],"wp:attachment":[{"href":"https:\/\/cabirmobilya.com.tr\/en\/wp-json\/wp\/v2\/media?parent=381"}],"curies":[{"name":"wp","href":"https:\/\/api.w.org\/{rel}","templated":true}]}}