{"id":400,"date":"2026-02-25T02:15:20","date_gmt":"2026-02-25T02:15:20","guid":{"rendered":"https:\/\/cabirmobilya.com.tr\/?page_id=400"},"modified":"2026-03-16T00:33:02","modified_gmt":"2026-03-16T00:33:02","slug":"cupra-city-garage","status":"publish","type":"page","link":"https:\/\/cabirmobilya.com.tr\/en\/projeler\/cupra-city-garage\/","title":{"rendered":"Cupra City Garage"},"content":{"rendered":"<div class=\"wpb-content-wrapper\"><div id=\"project-banner-row\" data-vc-full-width=\"true\" data-vc-full-width-temp=\"true\" data-vc-full-width-init=\"false\" data-vc-stretch-content=\"true\" class=\"vc_row wpb_row vc_row-fluid vc_row-no-padding wd-rs-6998ac6160542\"><div class=\"wpb_column vc_column_container vc_col-sm-12\"><div class=\"vc_column-inner\"><div class=\"wpb_wrapper\">\t\t<div class=\"promo-banner-wrapper  wd-rs-699e5ac8600ba\">\n\t\t\t<div id=\"wd-699e5ac8600ba\" class=\"promo-banner  banner- banner-hover-none color-scheme-light banner-btn-size-default banner-btn-style-default  wd-underline-colored\">\n\t\t\t\t<div class=\"main-wrapp-img\">\n\t\t\t\t\t<div class=\"banner-image wd-bg-position-center\" >\n\t\t\t\t\t\t<img loading=\"lazy\" decoding=\"async\" width=\"1920\" height=\"802\" src=\"https:\/\/cabirmobilya.com.tr\/wp-content\/uploads\/2026\/02\/cupra-city-garage-250226-6.png\" class=\"attachment-full size-full\" alt=\"\" \/>\t\t\t\t\t<\/div>\n\t\t\t\t<\/div>\n\n\t\t\t\t<div class=\"wrapper-content-banner wd-fill  wd-items-middle wd-justify-center\">\n\t\t\t\t\t<div class=\"content-banner  text-center\">\n\t\t\t\t\t\t<h1 class=\"banner-title wd-font-weight- wd-fontsize-l\">Cupra City Garage<\/h1>\t\t\t\t\t\t\n\t\t\t\t\t\t\n\t\t\t\t\t\t\t\t\t\t\t<\/div>\n\t\t\t\t<\/div>\n\n\t\t\t\t\n\t\t\t\t\t\t\t<\/div>\n\t\t<\/div>\n\n\t\t<\/div><\/div><\/div><\/div><div class=\"vc_row-full-width vc_clearfix\"><\/div><div id=\"project-text-row\" class=\"vc_row wpb_row vc_row-fluid vc_custom_1771613294610 wd-rs-6998ac699b5d5\"><div class=\"wpb_column vc_column_container vc_col-sm-12\"><div class=\"vc_column-inner\"><div class=\"wpb_wrapper\">\t\t<div id=\"wd-699e5b1d48ca3\" class=\"wd-text-block wd-wpb reset-last-child wd-rs-699e5b1d48ca3 text-left\">\n\t\t\t<div class=\"proje-information\">\n<p>In the \"City Garage\" experience center project of Cupra, an innovative brand in the automotive world, located in Galataport, the heart of Istanbul, all fixed and movable furniture reflecting the brand's global design language was manufactured by our company. The project encompasses a hybrid production process where industrial materials (metal, concrete textures) are blended with luxurious furniture details.<\/p>\n<h2>Manufacturing and Application Details:<\/h2>\n<p><strong>Industrial Display Units:<\/strong> Matching the brand's characteristic copper tones and sharp lines, the metal-framed, integrated LED-lit, and custom-painted product display shelves are manufactured with millimeter precision.<\/p>\n<p><strong>Bar and Reception Area:<\/strong> In the bar area, which serves as the social interaction hub of the venue, special concrete-textured surface coatings and metal construction details have been combined to create a durable and aesthetically pleasing service area.<\/p>\n<p><strong>Lounge and Seating Areas:<\/strong> Upholstered velvet sofas, custom-designed leather armchairs, and bar stools with metal legs, all designed to maximize visitor comfort, were manufactured in our workshops to match the project's color palette.<\/p>\n<p><strong>Meeting and Work Desks:<\/strong> Long meeting tables used in co-working spaces have been made functional with natural wood veneer tabletops and integrated electrical\/data solutions.<\/p>\n<p><strong>Wall and Ceiling Integration:<\/strong> The wood and metal decorative elements complement the industrial ceiling systems and artistic wall panels in the space.<\/p>\n<\/div>\n\t\t<\/div>\n\t\t<\/div><\/div><\/div><\/div><div id=\"project-images-row\" data-vc-full-width=\"true\" data-vc-full-width-temp=\"true\" data-vc-full-width-init=\"false\" data-vc-stretch-content=\"true\" class=\"vc_row wpb_row vc_row-fluid vc_custom_1771613304631 vc_row-no-padding wd-rs-6998ac702e1f8\"><div class=\"wpb_column vc_column_container vc_col-sm-12\"><div class=\"vc_column-inner\"><div class=\"wpb_wrapper\">    \n    <style>\n        \/* Masa\u00fcst\u00fc: Belirledi\u011fin y\u00fcksekli\u011fi baz al *\/\n        #carousel-69e3a1f1484da { height: 600px; }\n        \n        \/* Mobil: Sadece senin verdi\u011fin mobil y\u00fcksekli\u011fi baz al, geni\u015flik yine auto kals\u0131n *\/\n        @media (max-width: 768px) {\n            #carousel-69e3a1f1484da { height: 400px !important; }\n        }\n    <\/style>\n\n    <div id=\"carousel-69e3a1f1484da\" class=\"swiper custom-main-carousel\">\n        <div class=\"swiper-wrapper\">\n                            <div class=\"swiper-slide\">\n                    <a href=\"https:\/\/cabirmobilya.com.tr\/wp-content\/uploads\/2026\/02\/cupra-city-garage-250226-1.jpg\" class=\"pswp-link\" data-size=\"1920x1280\">\n                        <img decoding=\"async\" src=\"https:\/\/cabirmobilya.com.tr\/wp-content\/uploads\/2026\/02\/cupra-city-garage-250226-1.jpg\" alt=\"Gallery\" \/>\n                    <\/a>\n                <\/div>\n                            <div class=\"swiper-slide\">\n                    <a href=\"https:\/\/cabirmobilya.com.tr\/wp-content\/uploads\/2026\/02\/cupra-city-garage-250226-2.jpg\" class=\"pswp-link\" data-size=\"1920x1280\">\n                        <img decoding=\"async\" src=\"https:\/\/cabirmobilya.com.tr\/wp-content\/uploads\/2026\/02\/cupra-city-garage-250226-2.jpg\" alt=\"Gallery\" \/>\n                    <\/a>\n                <\/div>\n                            <div class=\"swiper-slide\">\n                    <a href=\"https:\/\/cabirmobilya.com.tr\/wp-content\/uploads\/2026\/02\/cupra-city-garage-250226-3.jpg\" class=\"pswp-link\" data-size=\"1920x1920\">\n                        <img decoding=\"async\" src=\"https:\/\/cabirmobilya.com.tr\/wp-content\/uploads\/2026\/02\/cupra-city-garage-250226-3.jpg\" alt=\"Gallery\" \/>\n                    <\/a>\n                <\/div>\n                            <div class=\"swiper-slide\">\n                    <a href=\"https:\/\/cabirmobilya.com.tr\/wp-content\/uploads\/2026\/02\/cupra-city-garage-250226-4.jpg\" class=\"pswp-link\" data-size=\"1920x1280\">\n                        <img decoding=\"async\" src=\"https:\/\/cabirmobilya.com.tr\/wp-content\/uploads\/2026\/02\/cupra-city-garage-250226-4.jpg\" alt=\"Gallery\" \/>\n                    <\/a>\n                <\/div>\n                            <div class=\"swiper-slide\">\n                    <a href=\"https:\/\/cabirmobilya.com.tr\/wp-content\/uploads\/2026\/02\/cupra-city-garage-250226-5.jpg\" class=\"pswp-link\" data-size=\"1920x1920\">\n                        <img decoding=\"async\" src=\"https:\/\/cabirmobilya.com.tr\/wp-content\/uploads\/2026\/02\/cupra-city-garage-250226-5.jpg\" alt=\"Gallery\" \/>\n                    <\/a>\n                <\/div>\n                            <div class=\"swiper-slide\">\n                    <a href=\"https:\/\/cabirmobilya.com.tr\/wp-content\/uploads\/2026\/02\/cupra-city-garage-250226-7.jpg\" class=\"pswp-link\" data-size=\"1920x1080\">\n                        <img decoding=\"async\" src=\"https:\/\/cabirmobilya.com.tr\/wp-content\/uploads\/2026\/02\/cupra-city-garage-250226-7.jpg\" alt=\"Gallery\" \/>\n                    <\/a>\n                <\/div>\n                    <\/div>\n        <div class=\"swiper-button-prev\"><\/div>\n        <div class=\"swiper-button-next\"><\/div>\n    <\/div>\n\n        <div class=\"pswp\" tabindex=\"-1\" role=\"dialog\" aria-hidden=\"true\"><div class=\"pswp__bg\"><\/div><div class=\"pswp__scroll-wrap\"><div class=\"pswp__container\"><div class=\"pswp__item\"><\/div><div class=\"pswp__item\"><\/div><div class=\"pswp__item\"><\/div><\/div><div class=\"pswp__ui pswp__ui--hidden\"><div class=\"pswp__top-bar\"><div class=\"pswp__counter\"><\/div><button class=\"pswp__button pswp__button--close\" title=\"Close\"><\/button><button class=\"pswp__button pswp__button--fs\" title=\"Toggle fullscreen\"><\/button><button class=\"pswp__button pswp__button--zoom\" title=\"Zoom\"><\/button><div class=\"pswp__preloader\"><div class=\"pswp__preloader__icn\"><div class=\"pswp__preloader__cut\"><div class=\"pswp__preloader__donut\"><\/div><\/div><\/div><\/div><\/div><button class=\"pswp__button pswp__button--arrow--left\"><\/button><button class=\"pswp__button pswp__button--arrow--right\"><\/button><div class=\"pswp__caption\"><div class=\"pswp__caption__center\"><\/div><\/div><\/div><\/div><\/div>\n        <\/div><\/div><\/div><\/div><div class=\"vc_row-full-width vc_clearfix\"><\/div>\n<\/div>","protected":false},"excerpt":{"rendered":"Cupra City Garage Otomotiv d\u00fcnyas\u0131n\u0131n yenilik\u00e7i markas\u0131 Cupra\u2019n\u0131n, \u0130stanbul\u2019un kalbi Galataport\u2019ta yer alan deneyim merkezi \u201cCity Garage\u201d projesinde; markan\u0131n global","protected":false},"author":1,"featured_media":0,"parent":56,"menu_order":0,"comment_status":"closed","ping_status":"closed","template":"","meta":{"footnotes":""},"class_list":["post-400","page","type-page","status-publish","hentry"],"_links":{"self":[{"href":"https:\/\/cabirmobilya.com.tr\/en\/wp-json\/wp\/v2\/pages\/400","targetHints":{"allow":["GET"]}}],"collection":[{"href":"https:\/\/cabirmobilya.com.tr\/en\/wp-json\/wp\/v2\/pages"}],"about":[{"href":"https:\/\/cabirmobilya.com.tr\/en\/wp-json\/wp\/v2\/types\/page"}],"author":[{"embeddable":true,"href":"https:\/\/cabirmobilya.com.tr\/en\/wp-json\/wp\/v2\/users\/1"}],"replies":[{"embeddable":true,"href":"https:\/\/cabirmobilya.com.tr\/en\/wp-json\/wp\/v2\/comments?post=400"}],"version-history":[{"count":2,"href":"https:\/\/cabirmobilya.com.tr\/en\/wp-json\/wp\/v2\/pages\/400\/revisions"}],"predecessor-version":[{"id":512,"href":"https:\/\/cabirmobilya.com.tr\/en\/wp-json\/wp\/v2\/pages\/400\/revisions\/512"}],"up":[{"embeddable":true,"href":"https:\/\/cabirmobilya.com.tr\/en\/wp-json\/wp\/v2\/pages\/56"}],"wp:attachment":[{"href":"https:\/\/cabirmobilya.com.tr\/en\/wp-json\/wp\/v2\/media?parent=400"}],"curies":[{"name":"wp","href":"https:\/\/api.w.org\/{rel}","templated":true}]}}