{"id":424,"date":"2026-02-25T02:25:57","date_gmt":"2026-02-25T02:25:57","guid":{"rendered":"https:\/\/cabirmobilya.com.tr\/?page_id=424"},"modified":"2026-03-16T00:35:15","modified_gmt":"2026-03-16T00:35:15","slug":"gokturk-konut-projesi","status":"publish","type":"page","link":"https:\/\/cabirmobilya.com.tr\/en\/projeler\/gokturk-konut-projesi\/","title":{"rendered":"G\u00f6kt\u00fcrk Housing Project"},"content":{"rendered":"<div class=\"wpb-content-wrapper\"><div id=\"project-banner-row\" data-vc-full-width=\"true\" data-vc-full-width-temp=\"true\" data-vc-full-width-init=\"false\" data-vc-stretch-content=\"true\" class=\"vc_row wpb_row vc_row-fluid vc_row-no-padding wd-rs-6998ac6160542\"><div class=\"wpb_column vc_column_container vc_col-sm-12\"><div class=\"vc_column-inner\"><div class=\"wpb_wrapper\">\t\t<div class=\"promo-banner-wrapper  wd-rs-699e5d2f398c8\">\n\t\t\t<div id=\"wd-699e5d2f398c8\" class=\"promo-banner  banner- banner-hover-none color-scheme-light banner-btn-size-default banner-btn-style-default  wd-underline-colored\">\n\t\t\t\t<div class=\"main-wrapp-img\">\n\t\t\t\t\t<div class=\"banner-image wd-bg-position-center\" >\n\t\t\t\t\t\t<img loading=\"lazy\" decoding=\"async\" width=\"1920\" height=\"1085\" src=\"https:\/\/cabirmobilya.com.tr\/wp-content\/uploads\/2026\/02\/gokturk-konut-projesi-250226-8.jpg\" class=\"attachment-full size-full\" alt=\"\" \/>\t\t\t\t\t<\/div>\n\t\t\t\t<\/div>\n\n\t\t\t\t<div class=\"wrapper-content-banner wd-fill  wd-items-middle wd-justify-center\">\n\t\t\t\t\t<div class=\"content-banner  text-center\">\n\t\t\t\t\t\t<h1 class=\"banner-title wd-font-weight- wd-fontsize-l\">G\u00f6kt\u00fcrk Housing Project<\/h1>\t\t\t\t\t\t\n\t\t\t\t\t\t\n\t\t\t\t\t\t\t\t\t\t\t<\/div>\n\t\t\t\t<\/div>\n\n\t\t\t\t\n\t\t\t\t\t\t\t<\/div>\n\t\t<\/div>\n\n\t\t<\/div><\/div><\/div><\/div><div class=\"vc_row-full-width vc_clearfix\"><\/div><div id=\"project-text-row\" class=\"vc_row wpb_row vc_row-fluid vc_custom_1771613294610 wd-rs-6998ac699b5d5\"><div class=\"wpb_column vc_column_container vc_col-sm-12\"><div class=\"vc_column-inner\"><div class=\"wpb_wrapper\">\t\t<div id=\"wd-699e5d90567b1\" class=\"wd-text-block wd-wpb reset-last-child wd-rs-699e5d90567b1 text-left\">\n\t\t\t<div class=\"proje-information\">\n<p>In this private residential project located in G\u00f6kt\u00fcrk, all fixed furniture, wall coverings, and decorative wooden units reflecting the modern and sophisticated design language of the space were produced and installed by our company. Natural wood textures, glass, and lacquered surfaces were used in a balanced manner throughout the project.<\/p>\n<h2>Application Details:<\/h2>\n<p><strong>Living Room and Work Area:<\/strong> A custom-designed, floor-to-ceiling library unit and TV wall integration with dark wood cladding add depth to the space.<\/p>\n<p><strong>Bedroom:<\/strong> Vertically grooved lacquered panels are used on the headboard wall, and custom-sized dressing wardrobes with transparent glass doors and internal lighting are manufactured to fit the space.<\/p>\n<p><strong>Kitchen:<\/strong> A combination of glossy lacquered surfaces and bronze-glass upper cabinets. Handleless, modern door details that complement the marble backsplash.<\/p>\n<p><strong>Entrance Hall:<\/strong> Integrated wooden transition details designed to match the door frames, wooden panels that complement the wallpaper, and custom-made wall-mounted console tables.<\/p>\n<\/div>\n\t\t<\/div>\n\t\t<\/div><\/div><\/div><\/div><div id=\"project-images-row\" data-vc-full-width=\"true\" data-vc-full-width-temp=\"true\" data-vc-full-width-init=\"false\" data-vc-stretch-content=\"true\" class=\"vc_row wpb_row vc_row-fluid vc_custom_1771613304631 vc_row-no-padding wd-rs-6998ac702e1f8\"><div class=\"wpb_column vc_column_container vc_col-sm-12\"><div class=\"vc_column-inner\"><div class=\"wpb_wrapper\">    \n    <style>\n        \/* Masa\u00fcst\u00fc: Belirledi\u011fin y\u00fcksekli\u011fi baz al *\/\n        #carousel-69e3a20286a77 { height: 600px; }\n        \n        \/* Mobil: Sadece senin verdi\u011fin mobil y\u00fcksekli\u011fi baz al, geni\u015flik yine auto kals\u0131n *\/\n        @media (max-width: 768px) {\n            #carousel-69e3a20286a77 { height: 400px !important; }\n        }\n    <\/style>\n\n    <div id=\"carousel-69e3a20286a77\" class=\"swiper custom-main-carousel\">\n        <div class=\"swiper-wrapper\">\n                            <div class=\"swiper-slide\">\n                    <a href=\"https:\/\/cabirmobilya.com.tr\/wp-content\/uploads\/2026\/02\/gokturk-konut-projesi-250226-10.jpg\" class=\"pswp-link\" data-size=\"1920x1000\">\n                        <img decoding=\"async\" src=\"https:\/\/cabirmobilya.com.tr\/wp-content\/uploads\/2026\/02\/gokturk-konut-projesi-250226-10.jpg\" alt=\"Gallery\" \/>\n                    <\/a>\n                <\/div>\n                            <div class=\"swiper-slide\">\n                    <a href=\"https:\/\/cabirmobilya.com.tr\/wp-content\/uploads\/2026\/02\/gokturk-konut-projesi-thumb-250226-1.jpg\" class=\"pswp-link\" data-size=\"1600x900\">\n                        <img decoding=\"async\" src=\"https:\/\/cabirmobilya.com.tr\/wp-content\/uploads\/2026\/02\/gokturk-konut-projesi-thumb-250226-1.jpg\" alt=\"Gallery\" \/>\n                    <\/a>\n                <\/div>\n                            <div class=\"swiper-slide\">\n                    <a href=\"https:\/\/cabirmobilya.com.tr\/wp-content\/uploads\/2026\/02\/gokturk-konut-projesi-250226-2.jpg\" class=\"pswp-link\" data-size=\"1920x1080\">\n                        <img decoding=\"async\" src=\"https:\/\/cabirmobilya.com.tr\/wp-content\/uploads\/2026\/02\/gokturk-konut-projesi-250226-2.jpg\" alt=\"Gallery\" \/>\n                    <\/a>\n                <\/div>\n                            <div class=\"swiper-slide\">\n                    <a href=\"https:\/\/cabirmobilya.com.tr\/wp-content\/uploads\/2026\/02\/gokturk-konut-projesi-250226-3.jpg\" class=\"pswp-link\" data-size=\"1920x1080\">\n                        <img decoding=\"async\" src=\"https:\/\/cabirmobilya.com.tr\/wp-content\/uploads\/2026\/02\/gokturk-konut-projesi-250226-3.jpg\" alt=\"Gallery\" \/>\n                    <\/a>\n                <\/div>\n                            <div class=\"swiper-slide\">\n                    <a href=\"https:\/\/cabirmobilya.com.tr\/wp-content\/uploads\/2026\/02\/gokturk-konut-projesi-250226-4.jpg\" class=\"pswp-link\" data-size=\"1920x1076\">\n                        <img decoding=\"async\" src=\"https:\/\/cabirmobilya.com.tr\/wp-content\/uploads\/2026\/02\/gokturk-konut-projesi-250226-4.jpg\" alt=\"Gallery\" \/>\n                    <\/a>\n                <\/div>\n                            <div class=\"swiper-slide\">\n                    <a href=\"https:\/\/cabirmobilya.com.tr\/wp-content\/uploads\/2026\/02\/gokturk-konut-projesi-250226-5.jpg\" class=\"pswp-link\" data-size=\"1920x1111\">\n                        <img decoding=\"async\" src=\"https:\/\/cabirmobilya.com.tr\/wp-content\/uploads\/2026\/02\/gokturk-konut-projesi-250226-5.jpg\" alt=\"Gallery\" \/>\n                    <\/a>\n                <\/div>\n                            <div class=\"swiper-slide\">\n                    <a href=\"https:\/\/cabirmobilya.com.tr\/wp-content\/uploads\/2026\/02\/gokturk-konut-projesi-250226-6.jpg\" class=\"pswp-link\" data-size=\"1920x1080\">\n                        <img decoding=\"async\" src=\"https:\/\/cabirmobilya.com.tr\/wp-content\/uploads\/2026\/02\/gokturk-konut-projesi-250226-6.jpg\" alt=\"Gallery\" \/>\n                    <\/a>\n                <\/div>\n                            <div class=\"swiper-slide\">\n                    <a href=\"https:\/\/cabirmobilya.com.tr\/wp-content\/uploads\/2026\/02\/gokturk-konut-projesi-250226-7.jpg\" class=\"pswp-link\" data-size=\"1920x1072\">\n                        <img decoding=\"async\" src=\"https:\/\/cabirmobilya.com.tr\/wp-content\/uploads\/2026\/02\/gokturk-konut-projesi-250226-7.jpg\" alt=\"Gallery\" \/>\n                    <\/a>\n                <\/div>\n                            <div class=\"swiper-slide\">\n                    <a href=\"https:\/\/cabirmobilya.com.tr\/wp-content\/uploads\/2026\/02\/gokturk-konut-projesi-250226-8.jpg\" class=\"pswp-link\" data-size=\"1920x1085\">\n                        <img decoding=\"async\" src=\"https:\/\/cabirmobilya.com.tr\/wp-content\/uploads\/2026\/02\/gokturk-konut-projesi-250226-8.jpg\" alt=\"Gallery\" \/>\n                    <\/a>\n                <\/div>\n                            <div class=\"swiper-slide\">\n                    <a href=\"https:\/\/cabirmobilya.com.tr\/wp-content\/uploads\/2026\/02\/gokturk-konut-projesi-250226-9.jpg\" class=\"pswp-link\" data-size=\"1920x1201\">\n                        <img decoding=\"async\" src=\"https:\/\/cabirmobilya.com.tr\/wp-content\/uploads\/2026\/02\/gokturk-konut-projesi-250226-9.jpg\" alt=\"Gallery\" \/>\n                    <\/a>\n                <\/div>\n                    <\/div>\n        <div class=\"swiper-button-prev\"><\/div>\n        <div class=\"swiper-button-next\"><\/div>\n    <\/div>\n\n        <div class=\"pswp\" tabindex=\"-1\" role=\"dialog\" aria-hidden=\"true\"><div class=\"pswp__bg\"><\/div><div class=\"pswp__scroll-wrap\"><div class=\"pswp__container\"><div class=\"pswp__item\"><\/div><div class=\"pswp__item\"><\/div><div class=\"pswp__item\"><\/div><\/div><div class=\"pswp__ui pswp__ui--hidden\"><div class=\"pswp__top-bar\"><div class=\"pswp__counter\"><\/div><button class=\"pswp__button pswp__button--close\" title=\"Close\"><\/button><button class=\"pswp__button pswp__button--fs\" title=\"Toggle fullscreen\"><\/button><button class=\"pswp__button pswp__button--zoom\" title=\"Zoom\"><\/button><div class=\"pswp__preloader\"><div class=\"pswp__preloader__icn\"><div class=\"pswp__preloader__cut\"><div class=\"pswp__preloader__donut\"><\/div><\/div><\/div><\/div><\/div><button class=\"pswp__button pswp__button--arrow--left\"><\/button><button class=\"pswp__button pswp__button--arrow--right\"><\/button><div class=\"pswp__caption\"><div class=\"pswp__caption__center\"><\/div><\/div><\/div><\/div><\/div>\n        <\/div><\/div><\/div><\/div><div class=\"vc_row-full-width vc_clearfix\"><\/div>\n<\/div>","protected":false},"excerpt":{"rendered":"G\u00f6kt\u00fcrk Konut Projesi G\u00f6kt\u00fcrk\u2019te yer alan \u00f6zel konut projesinde; mek\u00e2n\u0131n modern ve sofistike tasar\u0131m dilini yans\u0131tan t\u00fcm sabit mobilyalar, duvar","protected":false},"author":1,"featured_media":0,"parent":56,"menu_order":0,"comment_status":"closed","ping_status":"closed","template":"","meta":{"footnotes":""},"class_list":["post-424","page","type-page","status-publish","hentry"],"_links":{"self":[{"href":"https:\/\/cabirmobilya.com.tr\/en\/wp-json\/wp\/v2\/pages\/424","targetHints":{"allow":["GET"]}}],"collection":[{"href":"https:\/\/cabirmobilya.com.tr\/en\/wp-json\/wp\/v2\/pages"}],"about":[{"href":"https:\/\/cabirmobilya.com.tr\/en\/wp-json\/wp\/v2\/types\/page"}],"author":[{"embeddable":true,"href":"https:\/\/cabirmobilya.com.tr\/en\/wp-json\/wp\/v2\/users\/1"}],"replies":[{"embeddable":true,"href":"https:\/\/cabirmobilya.com.tr\/en\/wp-json\/wp\/v2\/comments?post=424"}],"version-history":[{"count":2,"href":"https:\/\/cabirmobilya.com.tr\/en\/wp-json\/wp\/v2\/pages\/424\/revisions"}],"predecessor-version":[{"id":514,"href":"https:\/\/cabirmobilya.com.tr\/en\/wp-json\/wp\/v2\/pages\/424\/revisions\/514"}],"up":[{"embeddable":true,"href":"https:\/\/cabirmobilya.com.tr\/en\/wp-json\/wp\/v2\/pages\/56"}],"wp:attachment":[{"href":"https:\/\/cabirmobilya.com.tr\/en\/wp-json\/wp\/v2\/media?parent=424"}],"curies":[{"name":"wp","href":"https:\/\/api.w.org\/{rel}","templated":true}]}}