{"id":439,"date":"2026-02-25T02:32:54","date_gmt":"2026-02-25T02:32:54","guid":{"rendered":"https:\/\/cabirmobilya.com.tr\/?page_id=439"},"modified":"2026-03-16T00:36:03","modified_gmt":"2026-03-16T00:36:03","slug":"bahcelievler-dis-polikinligi","status":"publish","type":"page","link":"https:\/\/cabirmobilya.com.tr\/en\/projeler\/bahcelievler-dis-polikinligi\/","title":{"rendered":"Bah\u00e7elievler Dental Clinic"},"content":{"rendered":"<div class=\"wpb-content-wrapper\"><div id=\"project-banner-row\" data-vc-full-width=\"true\" data-vc-full-width-temp=\"true\" data-vc-full-width-init=\"false\" data-vc-stretch-content=\"true\" class=\"vc_row wpb_row vc_row-fluid vc_row-no-padding wd-rs-6998ac6160542\"><div class=\"wpb_column vc_column_container vc_col-sm-12\"><div class=\"vc_column-inner\"><div class=\"wpb_wrapper\">\t\t<div class=\"promo-banner-wrapper  wd-rs-699e5eca1831c\">\n\t\t\t<div id=\"wd-699e5eca1831c\" class=\"promo-banner  banner- banner-hover-none color-scheme-light banner-btn-size-default banner-btn-style-default  wd-underline-colored\">\n\t\t\t\t<div class=\"main-wrapp-img\">\n\t\t\t\t\t<div class=\"banner-image wd-bg-position-center\" >\n\t\t\t\t\t\t<img loading=\"lazy\" decoding=\"async\" width=\"1920\" height=\"1077\" src=\"https:\/\/cabirmobilya.com.tr\/wp-content\/uploads\/2026\/02\/bahcelievler-dis-polikinligi-250226-1.jpg\" class=\"attachment-full size-full\" alt=\"\" \/>\t\t\t\t\t<\/div>\n\t\t\t\t<\/div>\n\n\t\t\t\t<div class=\"wrapper-content-banner wd-fill  wd-items-middle wd-justify-center\">\n\t\t\t\t\t<div class=\"content-banner  text-center\">\n\t\t\t\t\t\t<h1 class=\"banner-title wd-font-weight- wd-fontsize-l\">Bah\u00e7elievler Dental Clinic<\/h1>\t\t\t\t\t\t\n\t\t\t\t\t\t\n\t\t\t\t\t\t\t\t\t\t\t<\/div>\n\t\t\t\t<\/div>\n\n\t\t\t\t\n\t\t\t\t\t\t\t<\/div>\n\t\t<\/div>\n\n\t\t<\/div><\/div><\/div><\/div><div class=\"vc_row-full-width vc_clearfix\"><\/div><div id=\"project-text-row\" class=\"vc_row wpb_row vc_row-fluid vc_custom_1771613294610 wd-rs-6998ac699b5d5\"><div class=\"wpb_column vc_column_container vc_col-sm-12\"><div class=\"vc_column-inner\"><div class=\"wpb_wrapper\">\t\t<div id=\"wd-699e5f23b114f\" class=\"wd-text-block wd-wpb reset-last-child wd-rs-699e5f23b114f text-left\">\n\t\t\t<div class=\"proje-information\">\n<p>In the dental clinic project in Bah\u00e7elievler, Istanbul, we manufactured and installed all fixed and custom-sized furniture, from the reception desk to the examination rooms, waiting areas, and staff kitchen. The soft colors and curved forms that stood out in the design were meticulously detailed during the production phase and applied to the space.<\/p>\n<h2>Application Details:<\/h2>\n<p><strong>Lobby and Reception:<\/strong> In the entrance area, an oval-shaped, white lacquered counter and a brass base detail that complements the floor are produced in accordance with the architectural flow of the space. In the background, vertical wooden slat wall panels emphasize the height of the space.<\/p>\n<p><strong>Clinic and Examination Rooms:<\/strong> Medical cabinet systems that meet hygiene standards and feature easy-to-clean surfaces. Handleless door details provide a sterile and minimalist look.<\/p>\n<p><strong>Corridors and Walls:<\/strong> Instead of angular lines, soft wall transitions were preferred, and wooden column claddings suitable for these forms were applied with meticulous craftsmanship.<\/p>\n<p><strong>Waiting and Social Areas:<\/strong> Custom-made wooden\/fabric seating sets with integrated tables and wall decoration panels for the waiting area.<\/p>\n<p><strong>Staff Area \/ Kitchen:<\/strong> Manufacturing of kitchen cabinets with open shelving systems and a bar-style seating area in a combination of sage green and matte white lacquer.<\/p>\n<\/div>\n\t\t<\/div>\n\t\t<\/div><\/div><\/div><\/div><div id=\"project-images-row\" data-vc-full-width=\"true\" data-vc-full-width-temp=\"true\" data-vc-full-width-init=\"false\" data-vc-stretch-content=\"true\" class=\"vc_row wpb_row vc_row-fluid vc_custom_1771613304631 vc_row-no-padding wd-rs-6998ac702e1f8\"><div class=\"wpb_column vc_column_container vc_col-sm-12\"><div class=\"vc_column-inner\"><div class=\"wpb_wrapper\">    \n    <style>\n        \/* Masa\u00fcst\u00fc: Belirledi\u011fin y\u00fcksekli\u011fi baz al *\/\n        #carousel-69e3a1f125be3 { height: 600px; }\n        \n        \/* Mobil: Sadece senin verdi\u011fin mobil y\u00fcksekli\u011fi baz al, geni\u015flik yine auto kals\u0131n *\/\n        @media (max-width: 768px) {\n            #carousel-69e3a1f125be3 { height: 400px !important; }\n        }\n    <\/style>\n\n    <div id=\"carousel-69e3a1f125be3\" class=\"swiper custom-main-carousel\">\n        <div class=\"swiper-wrapper\">\n                            <div class=\"swiper-slide\">\n                    <a href=\"https:\/\/cabirmobilya.com.tr\/wp-content\/uploads\/2026\/02\/bahcelievler-dis-polikinligi-250226-1.jpg\" class=\"pswp-link\" data-size=\"1920x1077\">\n                        <img decoding=\"async\" src=\"https:\/\/cabirmobilya.com.tr\/wp-content\/uploads\/2026\/02\/bahcelievler-dis-polikinligi-250226-1.jpg\" alt=\"Gallery\" \/>\n                    <\/a>\n                <\/div>\n                            <div class=\"swiper-slide\">\n                    <a href=\"https:\/\/cabirmobilya.com.tr\/wp-content\/uploads\/2026\/02\/bahcelievler-dis-polikinligi-250226-2.jpg\" class=\"pswp-link\" data-size=\"1920x1439\">\n                        <img decoding=\"async\" src=\"https:\/\/cabirmobilya.com.tr\/wp-content\/uploads\/2026\/02\/bahcelievler-dis-polikinligi-250226-2.jpg\" alt=\"Gallery\" \/>\n                    <\/a>\n                <\/div>\n                            <div class=\"swiper-slide\">\n                    <a href=\"https:\/\/cabirmobilya.com.tr\/wp-content\/uploads\/2026\/02\/bahcelievler-dis-polikinligi-250226-3.jpg\" class=\"pswp-link\" data-size=\"1920x1442\">\n                        <img decoding=\"async\" src=\"https:\/\/cabirmobilya.com.tr\/wp-content\/uploads\/2026\/02\/bahcelievler-dis-polikinligi-250226-3.jpg\" alt=\"Gallery\" \/>\n                    <\/a>\n                <\/div>\n                            <div class=\"swiper-slide\">\n                    <a href=\"https:\/\/cabirmobilya.com.tr\/wp-content\/uploads\/2026\/02\/bahcelievler-dis-polikinligi-250226-4.jpg\" class=\"pswp-link\" data-size=\"1920x1365\">\n                        <img decoding=\"async\" src=\"https:\/\/cabirmobilya.com.tr\/wp-content\/uploads\/2026\/02\/bahcelievler-dis-polikinligi-250226-4.jpg\" alt=\"Gallery\" \/>\n                    <\/a>\n                <\/div>\n                            <div class=\"swiper-slide\">\n                    <a href=\"https:\/\/cabirmobilya.com.tr\/wp-content\/uploads\/2026\/02\/bahcelievler-dis-polikinligi-250226-5.jpg\" class=\"pswp-link\" data-size=\"1920x1363\">\n                        <img decoding=\"async\" src=\"https:\/\/cabirmobilya.com.tr\/wp-content\/uploads\/2026\/02\/bahcelievler-dis-polikinligi-250226-5.jpg\" alt=\"Gallery\" \/>\n                    <\/a>\n                <\/div>\n                    <\/div>\n        <div class=\"swiper-button-prev\"><\/div>\n        <div class=\"swiper-button-next\"><\/div>\n    <\/div>\n\n        <div class=\"pswp\" tabindex=\"-1\" role=\"dialog\" aria-hidden=\"true\"><div class=\"pswp__bg\"><\/div><div class=\"pswp__scroll-wrap\"><div class=\"pswp__container\"><div class=\"pswp__item\"><\/div><div class=\"pswp__item\"><\/div><div class=\"pswp__item\"><\/div><\/div><div class=\"pswp__ui pswp__ui--hidden\"><div class=\"pswp__top-bar\"><div class=\"pswp__counter\"><\/div><button class=\"pswp__button pswp__button--close\" title=\"Close\"><\/button><button class=\"pswp__button pswp__button--fs\" title=\"Toggle fullscreen\"><\/button><button class=\"pswp__button pswp__button--zoom\" title=\"Zoom\"><\/button><div class=\"pswp__preloader\"><div class=\"pswp__preloader__icn\"><div class=\"pswp__preloader__cut\"><div class=\"pswp__preloader__donut\"><\/div><\/div><\/div><\/div><\/div><button class=\"pswp__button pswp__button--arrow--left\"><\/button><button class=\"pswp__button pswp__button--arrow--right\"><\/button><div class=\"pswp__caption\"><div class=\"pswp__caption__center\"><\/div><\/div><\/div><\/div><\/div>\n        <\/div><\/div><\/div><\/div><div class=\"vc_row-full-width vc_clearfix\"><\/div>\n<\/div>","protected":false},"excerpt":{"rendered":"Bah\u00e7elievler Di\u015f Polikinli\u011fi \u0130stanbul Bah\u00e7elievler\u2019deki di\u015f poliklini\u011fi projesinde; kar\u015f\u0131lama bankosundan muayene odalar\u0131na, bekleme alanlar\u0131ndan personel mutfa\u011f\u0131na kadar t\u00fcm sabit ve","protected":false},"author":1,"featured_media":0,"parent":56,"menu_order":0,"comment_status":"closed","ping_status":"closed","template":"","meta":{"footnotes":""},"class_list":["post-439","page","type-page","status-publish","hentry"],"_links":{"self":[{"href":"https:\/\/cabirmobilya.com.tr\/en\/wp-json\/wp\/v2\/pages\/439","targetHints":{"allow":["GET"]}}],"collection":[{"href":"https:\/\/cabirmobilya.com.tr\/en\/wp-json\/wp\/v2\/pages"}],"about":[{"href":"https:\/\/cabirmobilya.com.tr\/en\/wp-json\/wp\/v2\/types\/page"}],"author":[{"embeddable":true,"href":"https:\/\/cabirmobilya.com.tr\/en\/wp-json\/wp\/v2\/users\/1"}],"replies":[{"embeddable":true,"href":"https:\/\/cabirmobilya.com.tr\/en\/wp-json\/wp\/v2\/comments?post=439"}],"version-history":[{"count":3,"href":"https:\/\/cabirmobilya.com.tr\/en\/wp-json\/wp\/v2\/pages\/439\/revisions"}],"predecessor-version":[{"id":515,"href":"https:\/\/cabirmobilya.com.tr\/en\/wp-json\/wp\/v2\/pages\/439\/revisions\/515"}],"up":[{"embeddable":true,"href":"https:\/\/cabirmobilya.com.tr\/en\/wp-json\/wp\/v2\/pages\/56"}],"wp:attachment":[{"href":"https:\/\/cabirmobilya.com.tr\/en\/wp-json\/wp\/v2\/media?parent=439"}],"curies":[{"name":"wp","href":"https:\/\/api.w.org\/{rel}","templated":true}]}}